{"id":5128,"date":"2022-09-19T02:35:40","date_gmt":"2022-09-19T00:35:40","guid":{"rendered":"https:\/\/cabinetneuillydentaire.com\/%e7%89%99%e9%bd%bf%e5%92%ac%e5%90%88-%e7%ac%ac%e4%b8%80%e6%ac%a1%e7%89%99%e9%bd%bf%e5%92%ac%e5%90%88%e5%92%a8%e8%af%a2\/"},"modified":"2022-09-19T02:35:41","modified_gmt":"2022-09-19T00:35:41","slug":"%e7%89%99%e9%bd%bf%e5%92%ac%e5%90%88-%e7%ac%ac%e4%b8%80%e6%ac%a1%e7%89%99%e9%bd%bf%e5%92%ac%e5%90%88%e5%92%a8%e8%af%a2","status":"publish","type":"page","link":"https:\/\/cabinetneuillydentaire.com\/zh-hant\/%e7%89%99%e9%bd%bf%e5%92%ac%e5%90%88-%e7%ac%ac%e4%b8%80%e6%ac%a1%e7%89%99%e9%bd%bf%e5%92%ac%e5%90%88%e5%92%a8%e8%af%a2\/","title":{"rendered":"\u7259\u9f7f\u54ac\u5408 &#8211; \u7b2c\u4e00\u6b21\u7259\u9f7f\u54ac\u5408\u54a8\u8be2"},"content":{"rendered":"<p>[vc_row rsclass=&#8221;clean&#8221; el_class=&#8221;row&#8221;][vc_column width=&#8221;1\/4&#8243; rsclass=&#8221;clean&#8221; el_class=&#8221;col-md&#8221;][vc_column_text rsclass=&#8221;clean&#8221;]<\/p>\n<ul class=\"services-nav flex-column flex-nowrap\">\n<li class=\"nav-item\"><a class=\"nav-link\" href=\"http:\/\/cabinetneuillydentaire.com\/analyse-esthetique-sourire\/\">\u7f8e\u5b66\u7259\u79d1<\/a><\/li>\n<li class=\"nav-item\"><a class=\"nav-link\" href=\"http:\/\/cabinetneuillydentaire.com\/controle-annuel-detartrage\/\">\u5e38\u89c4\u7259\u79d1<\/a><\/li>\n<li class=\"nav-item\"><a class=\"nav-link\" href=\"http:\/\/cabinetneuillydentaire.com\/pedodontie-premiere-consultation\/\">\u513f\u7ae5\u7259\u79d1<\/a><\/li>\n<li class=\"nav-item\"><a class=\"nav-link\" href=\"http:\/\/cabinetneuillydentaire.com\/implants-dentaires-prothese\/\">\u7259\u9f7f\u79cd\u690d<\/a><\/li>\n<li class=\"nav-item\"><a class=\"nav-link\" href=\"http:\/\/cabinetneuillydentaire.com\/orthodontie-1e-consultation\/\">\u6b63\u7578<\/a><\/li>\n<li class=\"nav-item\">\n<div class=\"tt-block-link\"><a class=\"nav-link\" href=\"#submenu1\" data-toggle=\"collapse\" data-target=\"#submenu1\">\u7259\u9f7f\u54ac\u5408<\/a><\/div>\n<div id=\"submenu1\" class=\"collapse show\">\n<ul class=\"flex-column nav\">\n<li class=\"nav-item\"><a class=\"nav-link active\" href=\"http:\/\/cabinetneuillydentaire.com\/occlusodontie-1e-consultation\"><svg class=\"icon icon-right-arrow\" version=\"1.1\" xmlns=\"http:\/\/www.w3.org\/2000\/svg\" width=\"32\" height=\"32\" viewBox=\"0 0 32 32\"><title>right-arrow<\/title><path d=\"M21.548 5.088c-0.436-0.451-1.162-0.451-1.613 0-0.436 0.436-0.436 1.162 0 1.596l8.177 8.177h-26.984c-0.629 0.001-1.129 0.501-1.129 1.13s0.5 1.145 1.129 1.145h26.984l-8.177 8.162c-0.436 0.451-0.436 1.178 0 1.613 0.451 0.451 1.178 0.451 1.613 0l10.113-10.113c0.451-0.436 0.451-1.162 0-1.596l-10.113-10.114z\"><\/path><\/svg>\u7b2c\u4e00\u6b21\u7259\u9f7f\u54ac\u5408\u54a8\u8be2<\/a><\/li>\n<li class=\"nav-item\"><a class=\"nav-link\" href=\"http:\/\/cabinetneuillydentaire.com\/traitement-bruxisme-gouttiere\"><svg class=\"icon icon-right-arrow\" version=\"1.1\" xmlns=\"http:\/\/www.w3.org\/2000\/svg\" width=\"32\" height=\"32\" viewBox=\"0 0 32 32\"><title>right-arrow<\/title><path d=\"M21.548 5.088c-0.436-0.451-1.162-0.451-1.613 0-0.436 0.436-0.436 1.162 0 1.596l8.177 8.177h-26.984c-0.629 0.001-1.129 0.501-1.129 1.13s0.5 1.145 1.129 1.145h26.984l-8.177 8.162c-0.436 0.451-0.436 1.178 0 1.613 0.451 0.451 1.178 0.451 1.613 0l10.113-10.113c0.451-0.436 0.451-1.162 0-1.596l-10.113-10.114z\"><\/path><\/svg>\u54ac\u5634\u6cbb\u7597\u78e8\u7259\u75c7<\/a><\/li>\n<li class=\"nav-item\"><a class=\"nav-link\" href=\"http:\/\/cabinetneuillydentaire.com\/equilibration-engrenement-dents\"><svg class=\"icon icon-right-arrow\" version=\"1.1\" xmlns=\"http:\/\/www.w3.org\/2000\/svg\" width=\"32\" height=\"32\" viewBox=\"0 0 32 32\"><title>right-arrow<\/title><path d=\"M21.548 5.088c-0.436-0.451-1.162-0.451-1.613 0-0.436 0.436-0.436 1.162 0 1.596l8.177 8.177h-26.984c-0.629 0.001-1.129 0.501-1.129 1.13s0.5 1.145 1.129 1.145h26.984l-8.177 8.162c-0.436 0.451-0.436 1.178 0 1.613 0.451 0.451 1.178 0.451 1.613 0l10.113-10.113c0.451-0.436 0.451-1.162 0-1.596l-10.113-10.114z\"><\/path><\/svg>\u7259\u9f7f\u556e\u5408\u7684\u5e73\u8861<\/a><\/li>\n<\/ul>\n<\/div>\n<\/li>\n<li class=\"nav-item\"><a class=\"nav-link\" href=\"http:\/\/cabinetneuillydentaire.com\/maladie-parodontale\">\u7259\u5468\u75c5\u5b66<\/a><\/li>\n<li class=\"nav-item\"><a class=\"nav-link\" href=\"http:\/\/cabinetneuillydentaire.com\/protheses-dentaire-couronne\/\">\u5047\u7259<\/a><\/li>\n<\/ul>\n<p>[\/vc_column_text][vc_row_inner rsclass=&#8221;clean&#8221; el_class=&#8221;row d-flex flex-column flex-sm-row flex-md-column mt-3&#8243;][vc_column_inner el_class=&#8221;col-auto col-sm col-md-auto&#8221; rsclass=&#8221;clean&#8221; rsinner=&#8221;contact-box contact-box-1&#8243;][vc_custom_heading text=&#8221;\u65f6\u95f4\u8868&#8221; font_container=&#8221;tag:h5|text_align:left&#8221; use_theme_fonts=&#8221;yes&#8221; rs_decor_place=&#8221;2&#8243; el_class=&#8221;contact-box-title&#8221;][\/vc_custom_heading][vc_column_text rsclass=&#8221;clean&#8221;]<\/p>\n<ul class=\"icn-list\">\n<li><svg class=\"icon icon-clock\" version=\"1.1\" xmlns=\"http:\/\/www.w3.org\/2000\/svg\" width=\"32\" height=\"32\" viewBox=\"0 0 32 32\"><title>clock<\/title><path d=\"M20.655 15.582h-4.232v-4.232c0-0.701-0.569-1.27-1.27-1.27s-1.27 0.569-1.27 1.27v5.502c0 0.701 0.569 1.27 1.27 1.27h5.502c0.701 0 1.27-0.569 1.27-1.27s-0.569-1.27-1.27-1.27z\"><\/path><path d=\"M16 1.5c-7.995 0-14.5 6.505-14.5 14.5s6.505 14.5 14.5 14.5 14.5-6.505 14.5-14.5c0-7.995-6.505-14.5-14.5-14.5zM16 27.96c-6.595 0-11.96-5.365-11.96-11.96s5.365-11.96 11.96-11.96 11.96 5.365 11.96 11.96c0 6.595-5.365 11.96-11.96 11.96z\"><\/path><\/svg>\u5468\u4e00\u81f3\u5468\u4e94 <b>\u4ece08:30\u523020:00<\/b><br class=\"tt\"><b>\u8bca\u6240\u5468\u516d\u4f11\u606f<\/b><br class=\"tt\"><b>\u8bca\u6240\u5728\u5468\u65e5\u5173\u95ed<\/b><\/li>\n<\/ul>\n<p>[\/vc_column_text][\/vc_column_inner][vc_column_inner el_class=&#8221;col-auto col-sm col-md-auto&#8221; rsclass=&#8221;clean&#8221; rsinner=&#8221;contact-box contact-box-2&#8243;][vc_custom_heading text=&#8221;\u5b9e\u7528\u4fe1\u606f&#8221; font_container=&#8221;tag:h5|text_align:left&#8221; use_theme_fonts=&#8221;yes&#8221; rs_decor_place=&#8221;2&#8243; el_class=&#8221;contact-box-title&#8221;][\/vc_custom_heading][vc_column_text rsclass=&#8221;clean&#8221;]<\/p>\n<ul class=\"icn-list\">\n<li class=\" p-l-0\">\n<div class=\"tt\"><svg class=\"icon icon-clock\" version=\"1.1\" xmlns=\"http:\/\/www.w3.org\/2000\/svg\" width=\"32\" height=\"32\" viewBox=\"0 0 32 32\"><title>clock<\/title><path d=\"M20.655 15.582h-4.232v-4.232c0-0.701-0.569-1.27-1.27-1.27s-1.27 0.569-1.27 1.27v5.502c0 0.701 0.569 1.27 1.27 1.27h5.502c0.701 0 1.27-0.569 1.27-1.27s-0.569-1.27-1.27-1.27z\"><\/path><path d=\"M16 1.5c-7.995 0-14.5 6.505-14.5 14.5s6.505 14.5 14.5 14.5 14.5-6.505 14.5-14.5c0-7.995-6.505-14.5-14.5-14.5zM16 27.96c-6.595 0-11.96-5.365-11.96-11.96s5.365-11.96 11.96-11.96 11.96 5.365 11.96 11.96c0 6.595-5.365 11.96-11.96 11.96z\"><\/path><\/svg><span class=\"tt\">\u7535\u8bdd<\/span> <span class=\"tt\"><a href=\"tel:\/\/0146370435\"><b>01.46.37.04.35<\/b><\/a><br \/>\n<\/span><\/div>\n<\/li>\n<li class=\" p-l-0\">\n<div class=\"tt\"><svg class=\"icon icon-black-envelope\" version=\"1.1\" xmlns=\"http:\/\/www.w3.org\/2000\/svg\" width=\"32\" height=\"32\" viewBox=\"0 0 32 32\"><title>black-envelope<\/title><path d=\"M2.531 6.124l11.526 9.13c0.523 0.414 1.243 0.597 1.942 0.563 0.698 0.034 1.419-0.148 1.941-0.563l11.526-9.13c0.924-0.727 0.715-1.323-0.457-1.323h-26.019c-1.173 0-1.382 0.596-0.461 1.323z\"><\/path><path d=\"M30.3 8.533l-12.596 9.563c-0.471 0.354-1.088 0.526-1.702 0.518-0.616 0.008-1.233-0.165-1.704-0.518l-12.598-9.563c-0.935-0.709-1.7-0.329-1.7 0.844v15.69c0 1.173 0.96 2.133 2.133 2.133h27.734c1.173 0 2.133-0.96 2.133-2.133v-15.69c0-1.173-0.765-1.553-1.7-0.844z\"><\/path><\/svg><a href=\"mailto:neuillydentaire@gmail.com\">neuillydentaire@gmail.com<\/a><\/div>\n<\/li>\n<\/ul>\n<p>[\/vc_column_text][\/vc_column_inner][\/vc_row_inner][vc_row_inner rsclass=&#8221;clean&#8221;][vc_column_inner el_class=&#8221;question-box mt-3&#8243; rsclass=&#8221;clean&#8221;][vc_custom_heading text=&#8221;\u8054\u7cfb\u6211\u4eec&#8221; font_container=&#8221;tag:h5|text_align:left&#8221; use_theme_fonts=&#8221;yes&#8221; rs_decor_place=&#8221;2&#8243; el_class=&#8221;question-box-title&#8221;][\/vc_custom_heading]<div role=\"form\" class=\"wpcf7\" id=\"wpcf7-f246-o1\" lang=\"en-US\" dir=\"ltr\">\n<div class=\"screen-reader-response\"><p role=\"status\" aria-live=\"polite\" aria-atomic=\"true\"><\/p> <ul><\/ul><\/div>\n<form action=\"\/zh-hant\/wp-json\/wp\/v2\/pages\/5128#wpcf7-f246-o1\" method=\"post\" class=\"wpcf7-form init\" novalidate=\"novalidate\" data-status=\"init\">\n<div style=\"display: none;\">\n<input type=\"hidden\" name=\"_wpcf7\" value=\"246\" \/>\n<input type=\"hidden\" name=\"_wpcf7_version\" value=\"5.5.3\" \/>\n<input type=\"hidden\" name=\"_wpcf7_locale\" value=\"en_US\" \/>\n<input type=\"hidden\" name=\"_wpcf7_unit_tag\" value=\"wpcf7-f246-o1\" \/>\n<input type=\"hidden\" name=\"_wpcf7_container_post\" value=\"0\" \/>\n<input type=\"hidden\" name=\"_wpcf7_posted_data_hash\" value=\"\" \/>\n<\/div>\n<div class=\"contact-form contact7__custom-form questionForm ws-form-icons\" id=\"questionForm\">\n<div class=\"input-group\"><span><svg class=\"icon icon-user-3\" version=\"1.1\" xmlns=\"http:\/\/www.w3.org\/2000\/svg\" width=\"35\" height=\"32\" viewBox=\"0 0 35 32\"><title>user-3<\/title>\n<path d=\"M33.25 16c0-8.822-7.178-16-16-16s-16 7.178-16 16c0 4.66 2.004 8.86 5.193 11.786l-0.015 0.013 0.519 0.438c0.034 0.029 0.070 0.052 0.104 0.080 0.276 0.229 0.561 0.446 0.852 0.656 0.094 0.068 0.188 0.136 0.284 0.202 0.311 0.214 0.63 0.417 0.955 0.61 0.071 0.042 0.143 0.083 0.214 0.123 0.357 0.203 0.721 0.394 1.094 0.57 0.027 0.013 0.055 0.024 0.083 0.037 1.215 0.565 2.513 0.98 3.87 1.225 0.036 0.006 0.071 0.013 0.107 0.019 0.421 0.073 0.847 0.131 1.278 0.17 0.052 0.005 0.105 0.008 0.158 0.012 0.429 0.035 0.863 0.058 1.303 0.058 0.436 0 0.866-0.023 1.293-0.057 0.054-0.005 0.108-0.008 0.162-0.012 0.428-0.039 0.85-0.095 1.267-0.167 0.036-0.006 0.073-0.013 0.109-0.020 1.336-0.24 2.615-0.645 3.815-1.196 0.044-0.020 0.089-0.040 0.133-0.061 0.359-0.169 0.71-0.351 1.054-0.545 0.086-0.048 0.17-0.097 0.255-0.147 0.313-0.184 0.621-0.377 0.92-0.582 0.108-0.073 0.213-0.151 0.319-0.227 0.255-0.184 0.506-0.374 0.75-0.572 0.054-0.044 0.112-0.081 0.165-0.126l0.532-0.445-0.016-0.013c3.217-2.928 5.24-7.147 5.24-11.831zM2.414 16c0-8.181 6.655-14.836 14.836-14.836s14.836 6.655 14.836 14.836c0 4.408-1.935 8.372-4.997 11.091-0.171-0.118-0.343-0.224-0.52-0.312l-4.926-2.463c-0.442-0.221-0.717-0.666-0.717-1.16v-1.72c0.114-0.141 0.234-0.3 0.359-0.475 0.638-0.901 1.149-1.903 1.522-2.981 0.737-0.35 1.213-1.084 1.213-1.914v-2.063c0-0.504-0.185-0.994-0.516-1.378v-2.715c0.030-0.303 0.137-2.006-1.096-3.412-1.072-1.224-2.808-1.844-5.159-1.844s-4.087 0.62-5.159 1.843c-1.233 1.406-1.126 3.11-1.096 3.412v2.715c-0.33 0.385-0.516 0.874-0.516 1.378v2.063c0 0.641 0.287 1.238 0.78 1.641 0.471 1.846 1.441 3.244 1.8 3.717v1.684c0 0.475-0.259 0.911-0.676 1.139l-4.6 2.509c-0.147 0.080-0.292 0.173-0.438 0.277-3.025-2.718-4.931-6.657-4.931-11.034z\"><\/path><\/svg><\/span><span class=\"wpcf7-form-control-wrap your-name\"><input type=\"text\" name=\"your-name\" value=\"\" size=\"40\" class=\"wpcf7-form-control wpcf7-text wpcf7-validates-as-required form-control\" aria-required=\"true\" aria-invalid=\"false\" placeholder=\"Votre Nom*\" \/><\/span><\/div>\n<div class=\"input-group\"><span>            <svg class=\"icon icon-email-2\" version=\"1.1\" xmlns=\"http:\/\/www.w3.org\/2000\/svg\" width=\"32\" height=\"32\" viewBox=\"0 0 32 32\"><title>email-2<\/title>\n<path d=\"M29.188 3.813h-26.375c-1.549 0-2.813 1.262-2.813 2.813v18.75c0 1.545 1.258 2.813 2.813 2.813h26.375c1.545 0 2.813-1.258 2.813-2.813v-18.75c0-1.545-1.258-2.813-2.813-2.813zM28.799 5.688l-12.739 12.74-12.85-12.74h25.589zM1.875 24.987v-17.982l9.030 8.953-9.030 9.030zM3.201 26.313l9.036-9.036 3.166 3.139c0.367 0.363 0.958 0.362 1.323-0.003l3.087-3.087 8.987 8.987h-25.598zM30.125 24.987l-8.987-8.987 8.987-8.987v17.973z\"><\/path><\/svg><\/span><span class=\"wpcf7-form-control-wrap your-email\"><input type=\"email\" name=\"your-email\" value=\"\" size=\"40\" class=\"wpcf7-form-control wpcf7-text wpcf7-email wpcf7-validates-as-required wpcf7-validates-as-email form-control\" aria-required=\"true\" aria-invalid=\"false\" placeholder=\"E-mail*\" \/><\/span><\/div>\n<div class=\"input-group\"><span><svg class=\"icon icon-smartphone\" version=\"1.1\" xmlns=\"http:\/\/www.w3.org\/2000\/svg\" width=\"32\" height=\"32\" viewBox=\"0 0 32 32\"><title>smartphone<\/title>\n<path d=\"M25.636 29.509v-27.025c0-1.366-1.111-2.484-2.484-2.484h-14.304c-1.366 0-2.484 1.111-2.484 2.484v27.032c0 1.366 1.111 2.484 2.484 2.484h14.304c1.366-0.007 2.484-1.118 2.484-2.491zM7.966 5.759h16.062v18.187h-16.062v-18.187zM8.848 1.602h14.304c0.484 0 0.883 0.392 0.883 0.883v1.674h-16.069v-1.674c0-0.49 0.399-0.883 0.883-0.883zM7.966 29.509v-3.968h16.062v3.968c0 0.484-0.392 0.883-0.883 0.883h-14.297c-0.484 0-0.883-0.392-0.883-0.883z\"><\/path>\n<path d=\"M17.621 27.234h-3.249c-0.445 0-0.804 0.36-0.804 0.804s0.36 0.804 0.804 0.804h3.249c0.445 0 0.804-0.36 0.804-0.804s-0.36-0.804-0.804-0.804z\"><\/path><\/svg><\/span><span class=\"wpcf7-form-control-wrap your-phone\"><input type=\"text\" name=\"your-phone\" value=\"\" size=\"40\" class=\"wpcf7-form-control wpcf7-text form-control\" aria-invalid=\"false\" placeholder=\"T\u00e9l\u00e9phone\" \/><\/span><\/div>\n<div class=\"tt_mb_14\"><span class=\"wpcf7-form-control-wrap your-message\"><textarea name=\"your-message\" cols=\"40\" rows=\"10\" class=\"wpcf7-form-control wpcf7-textarea wpcf7-validates-as-required form-control form-control-textarea\" aria-required=\"true\" aria-invalid=\"false\" placeholder=\"Question*\"><\/textarea><\/span><\/div>\n<div class=\"text-left\"><input type=\"submit\" value=\"Envoyer\" class=\"wpcf7-form-control has-spinner wpcf7-submit btn btn-sm btn-hover-fill\" \/><\/div>\n<\/div>\n<div class=\"wpcf7-response-output\" aria-hidden=\"true\"><\/div><\/form><\/div>[\/vc_column_inner][\/vc_row_inner][\/vc_column][vc_column width=&#8221;3\/4&#8243; rsclass=&#8221;clean&#8221; el_class=&#8221;col-md-8 col-lg-9 mt-4 mt-md-0&#8243;][vc_custom_heading text=&#8221;\u7259\u9f7f\u54ac\u5408&#8221; use_theme_fonts=&#8221;yes&#8221; rs_decor_place=&#8221;2&#8243; el_class=&#8221;service-img-caption&#8221;][\/vc_custom_heading][vc_single_image image=&#8221;30&#8243; img_size=&#8221;full&#8221; rs_image_class=&#8221;img-fluid&#8221; rsclass=&#8221;clean&#8221; el_class=&#8221;service-img&#8221;][\/vc_single_image][vc_row_inner rsclass=&#8221;clean&#8221; el_class=&#8221;pt-2 pt-md-4&#8243;][vc_column_inner rsclass=&#8221;clean&#8221;][vc_column_text rsclass=&#8221;clean&#8221;]\u53e3\u8154\u533b\u5b66\u662f\u5904\u7406\u7259\u9f7f\u4e4b\u95f4\u7684\u5173\u7cfb\u3001\u988c\u9aa8\u4e4b\u95f4\u7684\u5173\u7cfb\u4ee5\u53ca\u4e0d\u826f\u5173\u7cfb\u53ef\u80fd\u5bfc\u81f4\u7684\u808c\u8089\u548c\u5173\u8282\u7d27\u5f20\u7684\u53e3\u8154\u533b\u5b66\u9886\u57df\u3002<\/p>\n<ul>\n<li>\u7b2c\u4e00\u6b21\u7259\u9f7f\u54ac\u5408\u54a8\u8be2<\/li>\n<li>\u54ac\u5634\u6cbb\u7597\u78e8\u7259\u75c7<\/li>\n<li>\u7259\u9f7f\u556e\u5408\u7684\u5e73\u8861<\/li>\n<\/ul>\n<p>[\/vc_column_text][vc_custom_heading text=&#8221;\u7b2c\u4e00\u6b21\u7259\u9f7f\u54ac\u5408\u54a8\u8be2&#8221; font_container=&#8221;tag:h3|text_align:left&#8221; use_theme_fonts=&#8221;yes&#8221; rs_decor_place=&#8221;1&#8243; el_class=&#8221;tt_pt_33 tt_pb_20&#8243;][\/vc_custom_heading][vc_column_text rsclass=&#8221;clean&#8221;]<strong>\u54ac\u5408\u79d1\u533b\u751f\u662f<\/strong>\u6709\u8d44<strong>\u683c\u8bca\u65ad\u548c\u6cbb\u7597\u5f71\u54cd\u988c\u9aa8\u548c\u988c\u9aa8\u5173\u8282<\/strong>\uff08\u79f0\u4e3a\u989e\u4e0b\u988c\u5173\u8282\uff08TMJ\uff09\uff09\u7684\u808c\u8089\u7ec4\u7ec7\u548c\u4f4d\u7f6e\u7684\u7259\u9f7f\u5173\u7cfb\u548c\u4e92\u9501\u7684\u7259\u79d1\u533b\u751f\u3002[\/vc_column_text][vc_column_text rsclass=&#8221;clean&#8221;]<strong>\u5728\u6700\u521d\u7684\u54ac\u5408\u6cbb\u7597\u54a8\u8be2\u4e2d<\/strong>\uff0c<strong>\u7259\u533b\u5c06\u5bf9\u7259\u9f7f\u3001\u988c\u9aa8<\/strong>\u3001\u4e0e\u988c\u9aa8\u76f8\u8fde\u7684\u808c\u8089\u548c\u989e\u4e0b\u988c\u5173\u8282\u8fdb\u884c\u4e34\u5e8a\u548c\u653e\u5c04\u5b66\u68c0\u67e5\u3002 <strong>\u4e00\u4efd\u533b\u7597\u8c03\u67e5\u8868\u5b8c\u6210\u4e86\u68c0\u67e5<\/strong>\uff0c\u4ee5\u4fbf\u627e\u51fa\u75c5\u4eba\u6240\u7ecf\u5386\u7684\u75c7\u72b6\uff0c\u5305\u62ec\u808c\u8089\u548c\u5173\u8282\u75c7\u72b6\uff0c\u5e76\u8bca\u65ad\u8fd9\u4e9b\u75c7\u72b6\u7684\u539f\u56e0\u3002<\/p>\n<p><strong>\u5728\u7b2c\u4e00\u6b21\u54a8\u8be2\u7ed3\u675f\u65f6\uff0c\u75c5\u4eba\u5e94\u4e86\u89e3\u5176\u75bc\u75db\u548c\u75c7\u72b6\u7684\u539f\u56e0\u3002 \u7259\u533b\u4f1a\u63d0\u51fa\u4e00\u4e2a\u6cbb\u7597\u8ba1\u5212\uff0c\u4ee5\u91cd\u65b0\u5e73\u8861\u7259\u9f7f\u7684\u54ac\u5408\u4ee5\u53ca\u988c\u9aa8\u7684\u529f\u80fd\u548c\u4f4d\u7f6e\uff0c\u4ece\u800c\u6709\u6548\u800c\u8fc5\u901f\u5730\u5bf9\u75bc\u75db\u91c7\u53d6\u884c\u52a8\u3002<\/strong>[\/vc_column_text][vc_video link=&#8221;https:\/\/www.youtube.com\/watch?v=LoNXN5_uPDI&#8221; css=&#8221;.vc_custom_1586767450257{padding-bottom: 35px !important;}&#8221;][vc_column_text rsclass=&#8221;clean&#8221;]<\/p>\n<ul>\n<li><strong><u>\u5173\u8282\u548c\u808c\u8089\u75bc\u75db\u7684\u539f\u56e0\u3002<\/u><\/strong><\/li>\n<\/ul>\n<p><strong>\u7259\u9f7f\u556e\u5408\u4e0d\u826f<\/strong>\uff0c<strong>\u79f0\u4e3a\u9519\u988c\u7578\u5f62<\/strong>\uff0c<strong>\u548c\/\u6216\u54ac\u7259\u6216\u78e8\u7259<\/strong>\uff0c<strong>\u79f0\u4e3a\u78e8\u7259\u75c7\uff0c\u5c06\u5bfc\u81f4\u5480\u56bc\u548c\u4e0b\u988c\u4f11\u606f\u65f6\u808c\u8089\u4e0d\u5e73\u8861<\/strong>\u3002<\/p>\n<p><strong>\u7259\u9f7f\u7578\u5f62\u53ef\u80fd\u662f\u7531\u4e8e<\/strong>\uff1a\u7259\u9f7f\u6216\u988c\u9aa8\u4f4d\u7f6e\u7684\u6b63\u7578\u95ee\u9898\uff0c\u7259\u9f7f\u4fee\u590d\u4f53\uff08\u590d\u5408\u4f53\u3001\u6c5e\u5408\u91d1\u3001\u7259\u51a0\uff09\u76f8\u5bf9\u4e8e\u5176\u4ed6\u7259\u9f7f\u6765\u8bf4\u592a\u9ad8\u3002<\/p>\n<p><strong>\u78e8\u7259\u75c7\u53ef<\/strong>\u80fd\u662f\u9759\u6001\u7684\uff08\u54ac\u7259\uff09\u6216\u52a8\u6001\u7684\uff08\u78e8\u7259\uff09\u3002 \u5b83\u53ef\u80fd\u5728\u767d\u5929\u3001\u67d0\u4e9b\u6d3b\u52a8\u4e2d\u548c\/\u6216\u5728\u591c\u95f4\u7761\u89c9\u65f6\u51fa\u73b0\u3002<\/p>\n<p><strong>\u6839\u636e\u4e00\u4e9b\u79d1\u5b66\u7814\u7a76<\/strong>\uff0c<strong>\u591c<\/strong>\u95f4\u78e8\u7259\u75c7\u4e0e\u7761<strong>\u7720\u8d28\u91cf\u7684\u4e0b\u964d\u6709\u5173<\/strong>\u3002 \u7761\u7720\u65f6\u4e0b\u989a\u808c\u8089\u7684\u6536\u7f29\u5c06\u8bf1\u53d1\u66f4\u591a\u65e0\u610f\u8bc6\u7684\u5fae\u89c9\u9192\uff0c\u5e76\u51cf\u5c11\u5728\u6df1\u5ea6\u7761\u7720\u9636\u6bb5\u7684\u603b\u65f6\u95f4\u3002 \u8fd9\u65f6\uff0c\u7761\u7720\u7684\u4f11\u6574\u6027\u8f83\u5dee\uff0c<strong>\u9192\u6765\u540e<\/strong>\uff0c<strong>\u5e38\u5e38\u611f\u5230\u4e0b\u988c\u548c\u9888\u90e8\u808c\u8089\u7d27\u5f20\u3002<\/strong><\/p>\n<p><strong>\u78e8\u7259\u75c7\u5f80\u5f80\u4e0e\u65e5\u5e38\u751f\u6d3b\u538b\u529b\u7684\u8eaf\u4f53\u5316\u6709\u5173<\/strong>\uff0c\u8868\u73b0\u4e3a\u4e0b\u988c\u808c\u8089\u7684\u6536\u7f29\u3002 \u5b83\u4e5f\u53ef\u4ee5\u7eaf\u7cb9\u7531\u7259\u9f7f\u7684\u4f4d\u7f6e\u5f15\u8d77\uff0c\u800c\u4e0d\u662f\u7531\u538b\u529b\u5f15\u8d77\u3002<\/p>\n<p><strong>\u78e8\u7259\u75c7\u4e5f\u4f1a\u5728\u7259\u9f7f\u4e0a\u6709\u660e\u663e\u7684\u78e8\u635f\u75d5\u8ff9<\/strong>\uff0c\u7279\u522b\u662f\u524d\u7259\uff0c\u7531\u4e8e\u8fc7\u5ea6\u7684\u529b\u91cf\u548c\u91cd\u590d\u7684\u8fd0\u52a8\uff0c\u524d\u7259\u7684\u4e0a\u90e8\u4f1a\u6709\u78e8\u635f\u3002[\/vc_column_text][vc_single_image image=&#8221;2335&#8243; img_size=&#8221;full&#8221; alignment=&#8221;center&#8221; css=&#8221;.vc_custom_1586767456512{padding-bottom: 35px !important;}&#8221;][\/vc_single_image][vc_column_text rsclass=&#8221;clean&#8221;]<strong>\u7531\u6b64\u4ea7\u751f\u7684\u808c\u8089\u4e0d\u5e73\u8861\u5c06\u5f15\u8d77\u808c\u8089\u75bc\u75db<\/strong>\uff0c\u5982\u808c\u8089\u75c9\u631b\uff0c\u4e0d\u4ec5\u5f71\u54cd\u5480\u56bc\u808c\uff0c\u800c\u4e14\u5f71\u54cd\u6240\u6709\u4e0e\u988c\u9aa8\u76f8\u8fde\u7684\u808c\u8089\u3002 <strong>\u8eab\u4f53\u7684\u529f\u80fd\u662f\u901a\u8fc7\u4e00\u8fde\u4e32\u7684\u808c\u8089\u548c\u5173\u8282\u6765\u5b9e\u73b0\u7684\uff0c\u8fd9\u4e9b\u808c\u8089\u548c\u5173\u8282\u76f8\u4e92\u6c9f\u901a\u3002 \u5982\u679c\u94fe\u6761\u4e0a\u7684\u4e00\u4e2a\u5143\u7d20\u53d1\u751f\u6545\u969c\uff0c\u94fe\u6761\u7684\u5176\u4ed6\u90e8\u5206\u4e5f\u5c06\u53d7\u5230\u5f71\u54cd\u3002<\/strong><\/p>\n<p><strong>\u989e\u4e0b\u988c\u5173\u8282\u7684\u8f6f\u9aa8\u4e5f\u4f1a<\/strong>\u53d7\u5230\u8fc7\u5ea6\u548c\u4e0d\u5bf9\u79f0\u7684\u538b\u8feb\uff0c<strong>\u8fd9\u4f1a\u4f7f\u5176\u53d8\u5f62\u5e76\u5bfc\u81f4\u5173\u8282\u7d0a\u4e71<\/strong>\uff0c<strong>\u5982\u5728\u5f00\u5408<\/strong>\u8fd0\u52a8\u4e2d<strong>\u4e0b\u988c\u5173\u8282\u51fa<\/strong>\u73b0\u5494\u5693<strong>\u58f0\u6216\u88c2\u7eb9<\/strong>\u3002 <strong>\u7531\u4e8e\u8f6f\u9aa8\u7684\u53d8\u5f62<\/strong>\uff0c\u4e0b\u988c\u4e5f\u53ef\u80fd\u4e0d\u65f6\u5730\u88ab\u6682\u65f6\u9501\u5b9a\u5728\u4e00\u4e2a\u5f00\u653e\u7684\u4f4d\u7f6e\uff1b\u8fd9\u88ab\u79f0\u4e3a\u4e0b\u988c\u5173\u8282\u8131\u4f4d\u3002<\/p>\n<p>\u8fd9\u79cd\u988c\u9aa8\u808c\u8089\u548c\u5173\u8282\u7684\u75c5\u7406\u7c7b\u578b\u88ab\u79f0\u4e3a<strong>SADAM<\/strong>\uff08Manducateur\u8bbe\u5907\u529f\u80fd\u969c\u788d\u7efc\u5408\u75c7\uff09\u3002<\/p>\n<p><strong><u>Les douleurs musculaires<\/u> li\u00e9es aux dents et aux m\u00e2choires<\/strong> fr\u00e9quemment rencontr\u00e9es sont situ\u00e9es :<\/p>\n<p><strong>-\u5480\u56bc\u808c\u4e2d<\/strong>\uff08\u4e3b\u8981\u7684\u808c\u8089\u662f\u4f4d\u4e8e\u8138\u988a\u4e0b\u90e8\u7684Masseter\u808c\uff09\u3002<\/p>\n<p>-au niveau des <strong>muscles de la nuque et du cou<\/strong> (muscles cervicaux)<\/p>\n<p>-\u5728\u80a9\u90e8\u7684\u4f4d\u7f6e<\/p>\n<p>-\u5728\u540e\u9762<\/p>\n<p>-\u5728\u592a\u9633\u7a74\uff08\u989e\u90e8\u808c\u8089\uff09\u3002<\/p>\n<p><img loading=\"lazy\" class=\"alignnone size-medium wp-image-2299\" src=\"http:\/\/cabinetneuillydentaire.com\/wp-content\/uploads\/2020\/04\/douleur-arti-et-muscu-300x166.jpeg\" alt=\"\" width=\"300\" height=\"166\" srcset=\"https:\/\/cabinetneuillydentaire.com\/wp-content\/uploads\/2020\/04\/douleur-arti-et-muscu-300x166.jpeg 300w, https:\/\/cabinetneuillydentaire.com\/wp-content\/uploads\/2020\/04\/douleur-arti-et-muscu.jpeg 302w\" sizes=\"(max-width: 300px) 100vw, 300px\" \/>  <img loading=\"lazy\" class=\"alignnone size-full wp-image-2334\" src=\"http:\/\/cabinetneuillydentaire.com\/wp-content\/uploads\/2020\/04\/douleurs-cervicales-et-%C3%A9paules.jpeg\" alt=\"\" width=\"267\" height=\"189\">  <img loading=\"lazy\" class=\"alignnone size-full wp-image-2333\" src=\"http:\/\/cabinetneuillydentaire.com\/wp-content\/uploads\/2020\/04\/douleures-temporales.jpeg\" alt=\"\" width=\"275\" height=\"183\"><\/p>\n<p>SADAM<strong>\u7684\u5176\u4ed6\u5e38\u89c1\u75c7\u72b6\u662f<\/strong><\/p>\n<p>-\u5634\u5df4\u5f20\u5f00\u7684\u9650\u5236\uff08\u6709\u65f6\u53ef\u80fd\u5f88\u91cd\u8981\uff09\u3002<\/p>\n<p>-\u988c\u9aa8\u4ecd\u9501\u5b9a\u5728\u5f00\u653e\u4f4d\u7f6e\uff08\u5173\u8282\u8131\u4f4d\uff09\u3002<\/p>\n<p>-\u5934\u75bc\u3001\u504f\u5934\u75db\u3001\u5934\u6655<\/p>\n<p>-\u8033\u9e23<\/p>\n<p>-\u80a9\u5173\u8282\u708e<\/p>\n<p>-\u9888\u690e\u75c5\u3001\u80cc\u75db\u3001\u8170\u75db<\/p>\n<p>-\u7761\u7720\u969c\u788d, \u7761\u7720\u4e0d\u6e05\u65b0[\/vc_column_text][vc_column_text rsclass=&#8221;clean&#8221;]<\/p>\n<h3><a style=\"text-decoration: underline;\" href=\"http:\/\/cabinetneuillydentaire.com\/nos-tarifs\/\">\u4e86\u89e3\u8fd9\u79cd\u6cbb\u7597\u7684\u4ef7\u683c\uff0c\u8bf7\u70b9\u51fb\u8fd9\u91cc &gt;&gt;<\/a><\/h3>\n<p>[\/vc_column_text][\/vc_column_inner][\/vc_row_inner][\/vc_column][\/vc_row]<\/p>\n","protected":false},"excerpt":{"rendered":"<p>[vc_row rsclass=&#8221;clean&#8221; el_class=&#8221;row <\/p>\n<div class=\"btn-more-wrapper\"><a href=\"https:\/\/cabinetneuillydentaire.com\/zh-hant\/%e7%89%99%e9%bd%bf%e5%92%ac%e5%90%88-%e7%ac%ac%e4%b8%80%e6%ac%a1%e7%89%99%e9%bd%bf%e5%92%ac%e5%90%88%e5%92%a8%e8%af%a2\/\" class=\"btn btn-sm btn-hover-fill\"><svg class=\"icon icon-right-arrow\" version=\"1.1\" xmlns=\"http:\/\/www.w3.org\/2000\/svg\" width=\"32\" height=\"32\" viewBox=\"0 0 32 32\"><title>right-arrow<\/title><path d=\"M21.548 5.088c-0.436-0.451-1.162-0.451-1.613 0-0.436 0.436-0.436 1.162 0 1.596l8.177 8.177h-26.984c-0.629 0.001-1.129 0.501-1.129 1.13s0.5 1.145 1.129 1.145h26.984l-8.177 8.162c-0.436 0.451-0.436 1.178 0 1.613 0.451 0.451 1.178 0.451 1.613 0l10.113-10.113c0.451-0.436 0.451-1.162 0-1.596l-10.113-10.114z\"><\/path><\/svg>Read More<span class=\"screen-reader-text\"> &#8220;\u7259\u9f7f\u54ac\u5408 &#8211; \u7b2c\u4e00\u6b21\u7259\u9f7f\u54ac\u5408\u54a8\u8be2&#8221;<\/span><svg class=\"icon icon-right-arrow\" version=\"1.1\" xmlns=\"http:\/\/www.w3.org\/2000\/svg\" width=\"32\" height=\"32\" viewBox=\"0 0 32 32\"><title>right-arrow<\/title><path d=\"M21.548 5.088c-0.436-0.451-1.162-0.451-1.613 0-0.436 0.436-0.436 1.162 0 1.596l8.177 8.177h-26.984c-0.629 0.001-1.129 0.501-1.129 1.13s0.5 1.145 1.129 1.145h26.984l-8.177 8.162c-0.436 0.451-0.436 1.178 0 1.613 0.451 0.451 1.178 0.451 1.613 0l10.113-10.113c0.451-0.436 0.451-1.162 0-1.596l-10.113-10.114z\"><\/path><\/svg><\/a><\/div>\n","protected":false},"author":1,"featured_media":0,"parent":0,"menu_order":2,"comment_status":"closed","ping_status":"closed","template":"custompagett.php","meta":{"_monsterinsights_skip_tracking":false,"_monsterinsights_sitenote_active":false,"_monsterinsights_sitenote_note":"","_monsterinsights_sitenote_category":0},"_links":{"self":[{"href":"https:\/\/cabinetneuillydentaire.com\/zh-hant\/wp-json\/wp\/v2\/pages\/5128"}],"collection":[{"href":"https:\/\/cabinetneuillydentaire.com\/zh-hant\/wp-json\/wp\/v2\/pages"}],"about":[{"href":"https:\/\/cabinetneuillydentaire.com\/zh-hant\/wp-json\/wp\/v2\/types\/page"}],"author":[{"embeddable":true,"href":"https:\/\/cabinetneuillydentaire.com\/zh-hant\/wp-json\/wp\/v2\/users\/1"}],"replies":[{"embeddable":true,"href":"https:\/\/cabinetneuillydentaire.com\/zh-hant\/wp-json\/wp\/v2\/comments?post=5128"}],"version-history":[{"count":2,"href":"https:\/\/cabinetneuillydentaire.com\/zh-hant\/wp-json\/wp\/v2\/pages\/5128\/revisions"}],"predecessor-version":[{"id":5130,"href":"https:\/\/cabinetneuillydentaire.com\/zh-hant\/wp-json\/wp\/v2\/pages\/5128\/revisions\/5130"}],"wp:attachment":[{"href":"https:\/\/cabinetneuillydentaire.com\/zh-hant\/wp-json\/wp\/v2\/media?parent=5128"}],"curies":[{"name":"wp","href":"https:\/\/api.w.org\/{rel}","templated":true}]}}