{"id":4809,"date":"2022-02-01T01:13:47","date_gmt":"2022-02-01T00:13:47","guid":{"rendered":"https:\/\/cabinetneuillydentaire.com\/dental-implants-bone-and-gum-grafts\/"},"modified":"2022-10-12T14:54:40","modified_gmt":"2022-10-12T12:54:40","slug":"dental-implants-bone-and-gum-grafts","status":"publish","type":"page","link":"https:\/\/cabinetneuillydentaire.com\/en\/dental-implants-bone-and-gum-grafts\/","title":{"rendered":"Dental implants &#8211; Bone and gum grafts"},"content":{"rendered":"<p>[vc_row rsclass=&#8221;clean&#8221; el_class=&#8221;row&#8221;][vc_column width=&#8221;1\/4&#8243; rsclass=&#8221;clean&#8221; el_class=&#8221;col-md&#8221;][vc_column_text rsclass=&#8221;clean&#8221;]<\/p>\n<ul class=\"services-nav flex-column flex-nowrap\">\n<li class=\"nav-item\"><a class=\"nav-link\" href=\"http:\/\/cabinetneuillydentaire.com\/en\/esthetic-dentistry-esthetic-analysis-of-the-smile\/\">Esthetic dentistry<\/a><\/li>\n<li class=\"nav-item\"><a class=\"nav-link\" href=\"http:\/\/cabinetneuillydentaire.com\/en\/general-dentistry-annual-check-up-scaling\/\">General Dentistry<\/a><\/li>\n<li class=\"nav-item\"><a class=\"nav-link\" href=\"http:\/\/cabinetneuillydentaire.com\/pedodontie-premiere-consultation\/\">Pedodontics<\/a><\/li>\n<li class=\"nav-item\">\n<div class=\"tt-block-link\"><a class=\"nav-link\" href=\"#submenu1\" data-toggle=\"collapse\" data-target=\"#submenu1\">Dental implants<\/a><\/div>\n<div id=\"submenu1\" class=\"collapse show\">\n<ul class=\"flex-column nav\">\n<li class=\"nav-item\"><a class=\"nav-link\" href=\"http:\/\/cabinetneuillydentaire.com\/en\/dental-implants-implant-prosthesis\/\"><svg class=\"icon icon-right-arrow\" version=\"1.1\" xmlns=\"http:\/\/www.w3.org\/2000\/svg\" width=\"32\" height=\"32\" viewBox=\"0 0 32 32\"><title>right-arrow<\/title><path d=\"M21.548 5.088c-0.436-0.451-1.162-0.451-1.613 0-0.436 0.436-0.436 1.162 0 1.596l8.177 8.177h-26.984c-0.629 0.001-1.129 0.501-1.129 1.13s0.5 1.145 1.129 1.145h26.984l-8.177 8.162c-0.436 0.451-0.436 1.178 0 1.613 0.451 0.451 1.178 0.451 1.613 0l10.113-10.113c0.451-0.436 0.451-1.162 0-1.596l-10.113-10.114z\"><\/path><\/svg>Dental implant &amp; Prosthesis on implant<\/a><\/li>\n<li class=\"nav-item\"><a class=\"nav-link\" href=\"http:\/\/cabinetneuillydentaire.com\/pose-implant\/\"><svg class=\"icon icon-right-arrow\" version=\"1.1\" xmlns=\"http:\/\/www.w3.org\/2000\/svg\" width=\"32\" height=\"32\" viewBox=\"0 0 32 32\"><title>right-arrow<\/title><path d=\"M21.548 5.088c-0.436-0.451-1.162-0.451-1.613 0-0.436 0.436-0.436 1.162 0 1.596l8.177 8.177h-26.984c-0.629 0.001-1.129 0.501-1.129 1.13s0.5 1.145 1.129 1.145h26.984l-8.177 8.162c-0.436 0.451-0.436 1.178 0 1.613 0.451 0.451 1.178 0.451 1.613 0l10.113-10.113c0.451-0.436 0.451-1.162 0-1.596l-10.113-10.114z\"><\/path><\/svg>Implant placement<\/a><\/li>\n<li class=\"nav-item\"><a class=\"nav-link\" href=\"http:\/\/cabinetneuillydentaire.com\/en\/dental-implants-bridge-on-implants\/\"><svg class=\"icon icon-right-arrow\" version=\"1.1\" xmlns=\"http:\/\/www.w3.org\/2000\/svg\" width=\"32\" height=\"32\" viewBox=\"0 0 32 32\"><title>right-arrow<\/title><path d=\"M21.548 5.088c-0.436-0.451-1.162-0.451-1.613 0-0.436 0.436-0.436 1.162 0 1.596l8.177 8.177h-26.984c-0.629 0.001-1.129 0.501-1.129 1.13s0.5 1.145 1.129 1.145h26.984l-8.177 8.162c-0.436 0.451-0.436 1.178 0 1.613 0.451 0.451 1.178 0.451 1.613 0l10.113-10.113c0.451-0.436 0.451-1.162 0-1.596l-10.113-10.114z\"><\/path><\/svg>Implant-supported bridge<\/a><\/li>\n<li class=\"nav-item\"><a class=\"nav-link\" href=\"http:\/\/cabinetneuillydentaire.com\/en\/dental-implants-tooth-extraction-and-immediate-implant-placement\/\"><svg class=\"icon icon-right-arrow\" version=\"1.1\" xmlns=\"http:\/\/www.w3.org\/2000\/svg\" width=\"32\" height=\"32\" viewBox=\"0 0 32 32\"><title>right-arrow<\/title><path d=\"M21.548 5.088c-0.436-0.451-1.162-0.451-1.613 0-0.436 0.436-0.436 1.162 0 1.596l8.177 8.177h-26.984c-0.629 0.001-1.129 0.501-1.129 1.13s0.5 1.145 1.129 1.145h26.984l-8.177 8.162c-0.436 0.451-0.436 1.178 0 1.613 0.451 0.451 1.178 0.451 1.613 0l10.113-10.113c0.451-0.436 0.451-1.162 0-1.596l-10.113-10.114z\"><\/path><\/svg>Tooth extraction and immediate implant placement<\/a><\/li>\n<li class=\"nav-item\"><a class=\"nav-link active\" href=\"http:\/\/cabinetneuillydentaire.com\/en\/dental-implants-bone-and-gum-grafts\/\"><svg class=\"icon icon-right-arrow\" version=\"1.1\" xmlns=\"http:\/\/www.w3.org\/2000\/svg\" width=\"32\" height=\"32\" viewBox=\"0 0 32 32\"><title>right-arrow<\/title><path d=\"M21.548 5.088c-0.436-0.451-1.162-0.451-1.613 0-0.436 0.436-0.436 1.162 0 1.596l8.177 8.177h-26.984c-0.629 0.001-1.129 0.501-1.129 1.13s0.5 1.145 1.129 1.145h26.984l-8.177 8.162c-0.436 0.451-0.436 1.178 0 1.613 0.451 0.451 1.178 0.451 1.613 0l10.113-10.113c0.451-0.436 0.451-1.162 0-1.596l-10.113-10.114z\"><\/path><\/svg>Bone and gum grafts<\/a><\/li>\n<\/ul>\n<\/div>\n<\/li>\n<li class=\"nav-item\"><a class=\"nav-link\" href=\"http:\/\/cabinetneuillydentaire.com\/orthodontie-1e-consultation\/\">Orthodontics<\/a><\/li>\n<li class=\"nav-item\"><a class=\"nav-link\" href=\"http:\/\/cabinetneuillydentaire.com\/occlusodontie-1e-consultation\/\">Occlusodontics<\/a><\/li>\n<li class=\"nav-item\"><a class=\"nav-link\" href=\"http:\/\/cabinetneuillydentaire.com\/maladie-parodontale\/\">Periodontology<\/a><\/li>\n<li class=\"nav-item\"><a class=\"nav-link\" href=\"http:\/\/cabinetneuillydentaire.com\/protheses-dentaire-couronne\/\">Dental Prosthesis<\/a><\/li>\n<\/ul>\n<p>[\/vc_column_text][vc_row_inner rsclass=&#8221;clean&#8221; el_class=&#8221;row d-flex flex-column flex-sm-row flex-md-column mt-3&#8243;][vc_column_inner el_class=&#8221;col-auto col-sm col-md-auto&#8221; rsclass=&#8221;clean&#8221; rsinner=&#8221;contact-box contact-box-1&#8243;][vc_custom_heading text=&#8221;Opening hours&#8221; font_container=&#8221;tag:h5|text_align:left&#8221; use_theme_fonts=&#8221;yes&#8221; rs_decor_place=&#8221;2&#8243; el_class=&#8221;contact-box-title&#8221;][\/vc_custom_heading][vc_column_text rsclass=&#8221;clean&#8221;]<\/p>\n<ul class=\"icn-list\">\n<li><svg class=\"icon icon-clock\" version=\"1.1\" xmlns=\"http:\/\/www.w3.org\/2000\/svg\" width=\"32\" height=\"32\" viewBox=\"0 0 32 32\"><title>clock<\/title><path d=\"M20.655 15.582h-4.232v-4.232c0-0.701-0.569-1.27-1.27-1.27s-1.27 0.569-1.27 1.27v5.502c0 0.701 0.569 1.27 1.27 1.27h5.502c0.701 0 1.27-0.569 1.27-1.27s-0.569-1.27-1.27-1.27z\"><\/path><path d=\"M16 1.5c-7.995 0-14.5 6.505-14.5 14.5s6.505 14.5 14.5 14.5 14.5-6.505 14.5-14.5c0-7.995-6.505-14.5-14.5-14.5zM16 27.96c-6.595 0-11.96-5.365-11.96-11.96s5.365-11.96 11.96-11.96 11.96 5.365 11.96 11.96c0 6.595-5.365 11.96-11.96 11.96z\"><\/path><\/svg>Mon-Fri <b>08:30AM &#8211; 08:00PM<\/b><br class=\"tt\" \/>Sat <b>Closed<\/b><br class=\"tt\" \/>Sun <b>Closed<\/b><\/li>\n<\/ul>\n<p>[\/vc_column_text][\/vc_column_inner][vc_column_inner el_class=&#8221;col-auto col-sm col-md-auto&#8221; rsclass=&#8221;clean&#8221; rsinner=&#8221;contact-box contact-box-2&#8243;][vc_custom_heading text=&#8221;Practical Information&#8221; font_container=&#8221;tag:h5|text_align:left&#8221; use_theme_fonts=&#8221;yes&#8221; rs_decor_place=&#8221;2&#8243; el_class=&#8221;contact-box-title&#8221;][\/vc_custom_heading][vc_column_text rsclass=&#8221;clean&#8221;]<\/p>\n<ul class=\"icn-list\">\n<li class=\" p-l-0\">\n<div class=\"tt\"><svg class=\"icon icon-clock\" version=\"1.1\" xmlns=\"http:\/\/www.w3.org\/2000\/svg\" width=\"32\" height=\"32\" viewBox=\"0 0 32 32\"><title>clock<\/title><path d=\"M20.655 15.582h-4.232v-4.232c0-0.701-0.569-1.27-1.27-1.27s-1.27 0.569-1.27 1.27v5.502c0 0.701 0.569 1.27 1.27 1.27h5.502c0.701 0 1.27-0.569 1.27-1.27s-0.569-1.27-1.27-1.27z\"><\/path><path d=\"M16 1.5c-7.995 0-14.5 6.505-14.5 14.5s6.505 14.5 14.5 14.5 14.5-6.505 14.5-14.5c0-7.995-6.505-14.5-14.5-14.5zM16 27.96c-6.595 0-11.96-5.365-11.96-11.96s5.365-11.96 11.96-11.96 11.96 5.365 11.96 11.96c0 6.595-5.365 11.96-11.96 11.96z\"><\/path><\/svg><span class=\"tt\">Phone: <\/span><span class=\"tt\"><a href=\"tel:\/\/0146370435\"><b>01.46.37.04.35<\/b><\/a><br \/>\n<\/span><\/div>\n<\/li>\n<li class=\" p-l-0\">\n<div class=\"tt\"><svg class=\"icon icon-black-envelope\" version=\"1.1\" xmlns=\"http:\/\/www.w3.org\/2000\/svg\" width=\"32\" height=\"32\" viewBox=\"0 0 32 32\"><title>black-envelope<\/title><path d=\"M2.531 6.124l11.526 9.13c0.523 0.414 1.243 0.597 1.942 0.563 0.698 0.034 1.419-0.148 1.941-0.563l11.526-9.13c0.924-0.727 0.715-1.323-0.457-1.323h-26.019c-1.173 0-1.382 0.596-0.461 1.323z\"><\/path><path d=\"M30.3 8.533l-12.596 9.563c-0.471 0.354-1.088 0.526-1.702 0.518-0.616 0.008-1.233-0.165-1.704-0.518l-12.598-9.563c-0.935-0.709-1.7-0.329-1.7 0.844v15.69c0 1.173 0.96 2.133 2.133 2.133h27.734c1.173 0 2.133-0.96 2.133-2.133v-15.69c0-1.173-0.765-1.553-1.7-0.844z\"><\/path><\/svg><a href=\"mailto:neuillydentaire@gmail.com\">neuillydentaire@gmail.com<\/a><\/div>\n<\/li>\n<\/ul>\n<p>[\/vc_column_text][\/vc_column_inner][\/vc_row_inner][vc_row_inner rsclass=&#8221;clean&#8221;][vc_column_inner el_class=&#8221;question-box mt-3&#8243; rsclass=&#8221;clean&#8221;][vc_custom_heading text=&#8221;Contact&#8221; font_container=&#8221;tag:h5|text_align:left&#8221; use_theme_fonts=&#8221;yes&#8221; rs_decor_place=&#8221;2&#8243; el_class=&#8221;question-box-title&#8221;][\/vc_custom_heading]<div role=\"form\" class=\"wpcf7\" id=\"wpcf7-f246-o1\" lang=\"en-US\" dir=\"ltr\">\n<div class=\"screen-reader-response\"><p role=\"status\" aria-live=\"polite\" aria-atomic=\"true\"><\/p> <ul><\/ul><\/div>\n<form action=\"\/en\/wp-json\/wp\/v2\/pages\/4809#wpcf7-f246-o1\" method=\"post\" class=\"wpcf7-form init\" novalidate=\"novalidate\" data-status=\"init\">\n<div style=\"display: none;\">\n<input type=\"hidden\" name=\"_wpcf7\" value=\"246\" \/>\n<input type=\"hidden\" name=\"_wpcf7_version\" value=\"5.5.3\" \/>\n<input type=\"hidden\" name=\"_wpcf7_locale\" value=\"en_US\" \/>\n<input type=\"hidden\" name=\"_wpcf7_unit_tag\" value=\"wpcf7-f246-o1\" \/>\n<input type=\"hidden\" name=\"_wpcf7_container_post\" value=\"0\" \/>\n<input type=\"hidden\" name=\"_wpcf7_posted_data_hash\" value=\"\" \/>\n<\/div>\n<div class=\"contact-form contact7__custom-form questionForm ws-form-icons\" id=\"questionForm\">\n<div class=\"input-group\"><span><svg class=\"icon icon-user-3\" version=\"1.1\" xmlns=\"http:\/\/www.w3.org\/2000\/svg\" width=\"35\" height=\"32\" viewBox=\"0 0 35 32\"><title>user-3<\/title>\n<path d=\"M33.25 16c0-8.822-7.178-16-16-16s-16 7.178-16 16c0 4.66 2.004 8.86 5.193 11.786l-0.015 0.013 0.519 0.438c0.034 0.029 0.070 0.052 0.104 0.080 0.276 0.229 0.561 0.446 0.852 0.656 0.094 0.068 0.188 0.136 0.284 0.202 0.311 0.214 0.63 0.417 0.955 0.61 0.071 0.042 0.143 0.083 0.214 0.123 0.357 0.203 0.721 0.394 1.094 0.57 0.027 0.013 0.055 0.024 0.083 0.037 1.215 0.565 2.513 0.98 3.87 1.225 0.036 0.006 0.071 0.013 0.107 0.019 0.421 0.073 0.847 0.131 1.278 0.17 0.052 0.005 0.105 0.008 0.158 0.012 0.429 0.035 0.863 0.058 1.303 0.058 0.436 0 0.866-0.023 1.293-0.057 0.054-0.005 0.108-0.008 0.162-0.012 0.428-0.039 0.85-0.095 1.267-0.167 0.036-0.006 0.073-0.013 0.109-0.020 1.336-0.24 2.615-0.645 3.815-1.196 0.044-0.020 0.089-0.040 0.133-0.061 0.359-0.169 0.71-0.351 1.054-0.545 0.086-0.048 0.17-0.097 0.255-0.147 0.313-0.184 0.621-0.377 0.92-0.582 0.108-0.073 0.213-0.151 0.319-0.227 0.255-0.184 0.506-0.374 0.75-0.572 0.054-0.044 0.112-0.081 0.165-0.126l0.532-0.445-0.016-0.013c3.217-2.928 5.24-7.147 5.24-11.831zM2.414 16c0-8.181 6.655-14.836 14.836-14.836s14.836 6.655 14.836 14.836c0 4.408-1.935 8.372-4.997 11.091-0.171-0.118-0.343-0.224-0.52-0.312l-4.926-2.463c-0.442-0.221-0.717-0.666-0.717-1.16v-1.72c0.114-0.141 0.234-0.3 0.359-0.475 0.638-0.901 1.149-1.903 1.522-2.981 0.737-0.35 1.213-1.084 1.213-1.914v-2.063c0-0.504-0.185-0.994-0.516-1.378v-2.715c0.030-0.303 0.137-2.006-1.096-3.412-1.072-1.224-2.808-1.844-5.159-1.844s-4.087 0.62-5.159 1.843c-1.233 1.406-1.126 3.11-1.096 3.412v2.715c-0.33 0.385-0.516 0.874-0.516 1.378v2.063c0 0.641 0.287 1.238 0.78 1.641 0.471 1.846 1.441 3.244 1.8 3.717v1.684c0 0.475-0.259 0.911-0.676 1.139l-4.6 2.509c-0.147 0.080-0.292 0.173-0.438 0.277-3.025-2.718-4.931-6.657-4.931-11.034z\"><\/path><\/svg><\/span><span class=\"wpcf7-form-control-wrap your-name\"><input type=\"text\" name=\"your-name\" value=\"\" size=\"40\" class=\"wpcf7-form-control wpcf7-text wpcf7-validates-as-required form-control\" aria-required=\"true\" aria-invalid=\"false\" placeholder=\"Votre Nom*\" \/><\/span><\/div>\n<div class=\"input-group\"><span>            <svg class=\"icon icon-email-2\" version=\"1.1\" xmlns=\"http:\/\/www.w3.org\/2000\/svg\" width=\"32\" height=\"32\" viewBox=\"0 0 32 32\"><title>email-2<\/title>\n<path d=\"M29.188 3.813h-26.375c-1.549 0-2.813 1.262-2.813 2.813v18.75c0 1.545 1.258 2.813 2.813 2.813h26.375c1.545 0 2.813-1.258 2.813-2.813v-18.75c0-1.545-1.258-2.813-2.813-2.813zM28.799 5.688l-12.739 12.74-12.85-12.74h25.589zM1.875 24.987v-17.982l9.030 8.953-9.030 9.030zM3.201 26.313l9.036-9.036 3.166 3.139c0.367 0.363 0.958 0.362 1.323-0.003l3.087-3.087 8.987 8.987h-25.598zM30.125 24.987l-8.987-8.987 8.987-8.987v17.973z\"><\/path><\/svg><\/span><span class=\"wpcf7-form-control-wrap your-email\"><input type=\"email\" name=\"your-email\" value=\"\" size=\"40\" class=\"wpcf7-form-control wpcf7-text wpcf7-email wpcf7-validates-as-required wpcf7-validates-as-email form-control\" aria-required=\"true\" aria-invalid=\"false\" placeholder=\"E-mail*\" \/><\/span><\/div>\n<div class=\"input-group\"><span><svg class=\"icon icon-smartphone\" version=\"1.1\" xmlns=\"http:\/\/www.w3.org\/2000\/svg\" width=\"32\" height=\"32\" viewBox=\"0 0 32 32\"><title>smartphone<\/title>\n<path d=\"M25.636 29.509v-27.025c0-1.366-1.111-2.484-2.484-2.484h-14.304c-1.366 0-2.484 1.111-2.484 2.484v27.032c0 1.366 1.111 2.484 2.484 2.484h14.304c1.366-0.007 2.484-1.118 2.484-2.491zM7.966 5.759h16.062v18.187h-16.062v-18.187zM8.848 1.602h14.304c0.484 0 0.883 0.392 0.883 0.883v1.674h-16.069v-1.674c0-0.49 0.399-0.883 0.883-0.883zM7.966 29.509v-3.968h16.062v3.968c0 0.484-0.392 0.883-0.883 0.883h-14.297c-0.484 0-0.883-0.392-0.883-0.883z\"><\/path>\n<path d=\"M17.621 27.234h-3.249c-0.445 0-0.804 0.36-0.804 0.804s0.36 0.804 0.804 0.804h3.249c0.445 0 0.804-0.36 0.804-0.804s-0.36-0.804-0.804-0.804z\"><\/path><\/svg><\/span><span class=\"wpcf7-form-control-wrap your-phone\"><input type=\"text\" name=\"your-phone\" value=\"\" size=\"40\" class=\"wpcf7-form-control wpcf7-text form-control\" aria-invalid=\"false\" placeholder=\"T\u00e9l\u00e9phone\" \/><\/span><\/div>\n<div class=\"tt_mb_14\"><span class=\"wpcf7-form-control-wrap your-message\"><textarea name=\"your-message\" cols=\"40\" rows=\"10\" class=\"wpcf7-form-control wpcf7-textarea wpcf7-validates-as-required form-control form-control-textarea\" aria-required=\"true\" aria-invalid=\"false\" placeholder=\"Question*\"><\/textarea><\/span><\/div>\n<div class=\"text-left\"><input type=\"submit\" value=\"Envoyer\" class=\"wpcf7-form-control has-spinner wpcf7-submit btn btn-sm btn-hover-fill\" \/><\/div>\n<\/div>\n<div class=\"wpcf7-response-output\" aria-hidden=\"true\"><\/div><\/form><\/div>[\/vc_column_inner][\/vc_row_inner][\/vc_column][vc_column width=&#8221;3\/4&#8243; rsclass=&#8221;clean&#8221; el_class=&#8221;col-md-8 col-lg-9 mt-4 mt-md-0&#8243;][vc_custom_heading text=&#8221;Dental implants&#8221; use_theme_fonts=&#8221;yes&#8221; rs_decor_place=&#8221;2&#8243; el_class=&#8221;service-img-caption&#8221;][\/vc_custom_heading][vc_single_image image=&#8221;30&#8243; img_size=&#8221;full&#8221; rs_image_class=&#8221;img-fluid&#8221; rsclass=&#8221;clean&#8221; el_class=&#8221;service-img&#8221;][\/vc_single_image][vc_row_inner rsclass=&#8221;clean&#8221; el_class=&#8221;pt-2 pt-md-4&#8243;][vc_column_inner rsclass=&#8221;clean&#8221;][vc_column_text rsclass=&#8221;clean&#8221;]When a tooth is lost due to an accident or a carious or periodontal problem, replacement with an implant is a very reliable option.<\/p>\n<ul>\n<li><em>The dental implant and the prosthesis on implant<\/em><\/li>\n<li>How is an implant placed?<\/li>\n<li>Bridge on implants (all-on-6 and all-on-4)<\/li>\n<li>Extraction immediate implantation<\/li>\n<li>Bone and gum grafts<\/li>\n<\/ul>\n<p>[\/vc_column_text][vc_custom_heading text=&#8221;Bone and gum grafts&#8221; font_container=&#8221;tag:h3|text_align:left&#8221; use_theme_fonts=&#8221;yes&#8221; rs_decor_place=&#8221;1&#8243; el_class=&#8221;tt_pt_33 tt_pb_20&#8243;][\/vc_custom_heading][vc_column_text rsclass=&#8221;clean&#8221;]When a single tooth is missing, an implant is usually all that is needed to fill the space and restore proper functioning of the teeth.<\/p>\n<p>However, if the tooth has been missing for a long period of time, the bone usually begins to show signs of atrophy.<\/p>\n<p>At this point, a very detailed clinical and radiographic examination will assess whether additional bone or gum grafting is necessary.<\/p>\n<p><strong>The gum around an implant<\/strong> is very important. It must be of <strong>good quality<\/strong> and <strong>thick<\/strong> enough to remain <strong>stable<\/strong> over time and to allow easy cleaning around the implant by the patient.<\/p>\n<p>The quality of the gingiva will also provide a <strong>better aesthetic integration<\/strong> of the implant and the implant supported crown.<\/p>\n<p>Thus, in some cases, a <strong>gum graft<\/strong> may be necessary around the implant.<\/p>\n<p>There are<strong>different types of bone grafts<\/strong>, which aim to obtain the best bone environment, in <strong>height and thickness<\/strong>, around the future implant.<\/p>\n<p>Some bone grafts are performed at the same time as the implant placement.<\/p>\n<p>Others must be performed during a preliminary surgery before the implant is placed.[\/vc_column_text][vc_single_image image=&#8221;2231&#8243; img_size=&#8221;full&#8221; add_caption=&#8221;yes&#8221; alignment=&#8221;center&#8221; css=&#8221;.vc_custom_1586767343345{padding-bottom: 35px !important;}&#8221;]Example of bone grafting to increase the thickness of the bone ridge before placing an implant.[\/vc_single_image][vc_custom_heading text=&#8221;The particular case of the MAXILAR SINUS&#8221; font_container=&#8221;tag:h3|text_align:left&#8221; use_theme_fonts=&#8221;yes&#8221; rs_decor_place=&#8221;1&#8243; el_class=&#8221;tt_pt_33 tt_pb_20&#8243;][\/vc_custom_heading][vc_column_text rsclass=&#8221;clean&#8221;]When an <strong>upper molar<\/strong> is extracted, we are often confronted with a <strong>lack of bone height<\/strong> due to the <strong>maxillary sinus<\/strong> located under the upper molars.<\/p>\n<p>Since an implant must be completely surrounded by bone, it is necessary to move the membrane delimiting the maxillary sinus back a few millimeters before or sometimes at the same time as placing the implant in order to place a bone filler.<\/p>\n<p>We call this the <strong>maxillary sinus bone graft<\/strong>, or <strong>sinus lift<\/strong>.<\/p>\n<p><u>Two procedures<\/u> exist for this type of graft, each indicated according to the height of the remaining bone and the position of the maxillary sinus.[\/vc_column_text][vc_single_image image=&#8221;2235&#8243; img_size=&#8221;full&#8221; alignment=&#8221;center&#8221; css=&#8221;.vc_custom_1586767349728{padding-bottom: 35px !important;}&#8221;][\/vc_single_image][vc_single_image image=&#8221;2234&#8243; img_size=&#8221;full&#8221; alignment=&#8221;center&#8221; css=&#8221;.vc_custom_1586767354714{padding-bottom: 35px !important;}&#8221;][\/vc_single_image][vc_custom_heading text=&#8221;The special case of dental extraction &#8211; bone filling&#8221; font_container=&#8221;tag:h3|text_align:left&#8221; use_theme_fonts=&#8221;yes&#8221; rs_decor_place=&#8221;1&#8243; el_class=&#8221;tt_pt_33 tt_pb_20&#8243;][\/vc_custom_heading][vc_column_text rsclass=&#8221;clean&#8221;]When a tooth is extracted and the bone conditions do not allow for immediate placement of an implant, it is strongly recommended to perform a <strong>bone filling of the alveolus<\/strong> with a bone biomaterial.<\/p>\n<p><strong>Bone filling<\/strong> is performed with synthetic or bovine bone biomaterial. Il comblera les espaces entre l&#8217;implant et l&#8217;os p\u00e9riph\u00e9rique qui \u00e9tait pr\u00e9sent autour de la racine de la dent extraite. This filling will maintain the initial position of the gum and bone, and stimulate bone healing. The bone filler material eventually resorbs as it is replaced by the patient&#8217;s own bone during healing.[\/vc_column_text][vc_single_image image=&#8221;2230&#8243; img_size=&#8221;full&#8221; alignment=&#8221;center&#8221; css=&#8221;.vc_custom_1586767361066{padding-bottom: 35px !important;}&#8221;][\/vc_single_image][vc_video link=&#8221;https:\/\/www.youtube.com\/watch?v=yaT5SWWjaPA&#8221;][vc_column_text rsclass=&#8221;clean&#8221;]<\/p>\n<h3><a style=\"text-decoration: underline;\" href=\"http:\/\/cabinetneuillydentaire.com\/en\/our-prices\/\">Discover the prices of this treatment HERE &gt;&gt;<\/a><\/h3>\n<p>[\/vc_column_text][\/vc_column_inner][\/vc_row_inner][\/vc_column][\/vc_row]<\/p>\n","protected":false},"excerpt":{"rendered":"<p>[vc_row rsclass=&#8221;clean&#8221; el_class=&#8221;row&#8221;][vc_column width=&#8221;1\/4&#8243; rsclass=&#8221;clean&#8221; el_class=&#8221;col-md&#8221;][vc_column_text rsclass=&#8221;clean&#8221;] Esthetic dentistry General Dentistry Pedodontics Dental implants Dental implant &amp; Prosthesis on implant Implant placement Implant-supported bridge Tooth extraction and immediate implant placement Bone and gum grafts Orthodontics Occlusodontics Periodontology Dental Prosthesis [\/vc_column_text][vc_row_inner rsclass=&#8221;clean&#8221; el_class=&#8221;row d-flex flex-column flex-sm-row flex-md-column mt-3&#8243;][vc_column_inner el_class=&#8221;col-auto col-sm col-md-auto&#8221; rsclass=&#8221;clean&#8221; rsinner=&#8221;contact-box contact-box-1&#8243;][vc_custom_heading text=&#8221;Opening hours&#8221; <\/p>\n<div class=\"btn-more-wrapper\"><a href=\"https:\/\/cabinetneuillydentaire.com\/en\/dental-implants-bone-and-gum-grafts\/\" class=\"btn btn-sm btn-hover-fill\"><svg class=\"icon icon-right-arrow\" version=\"1.1\" xmlns=\"http:\/\/www.w3.org\/2000\/svg\" width=\"32\" height=\"32\" viewBox=\"0 0 32 32\"><title>right-arrow<\/title><path d=\"M21.548 5.088c-0.436-0.451-1.162-0.451-1.613 0-0.436 0.436-0.436 1.162 0 1.596l8.177 8.177h-26.984c-0.629 0.001-1.129 0.501-1.129 1.13s0.5 1.145 1.129 1.145h26.984l-8.177 8.162c-0.436 0.451-0.436 1.178 0 1.613 0.451 0.451 1.178 0.451 1.613 0l10.113-10.113c0.451-0.436 0.451-1.162 0-1.596l-10.113-10.114z\"><\/path><\/svg>Read More<span class=\"screen-reader-text\"> &#8220;Dental implants &#8211; Bone and gum grafts&#8221;<\/span><svg class=\"icon icon-right-arrow\" version=\"1.1\" xmlns=\"http:\/\/www.w3.org\/2000\/svg\" width=\"32\" height=\"32\" viewBox=\"0 0 32 32\"><title>right-arrow<\/title><path d=\"M21.548 5.088c-0.436-0.451-1.162-0.451-1.613 0-0.436 0.436-0.436 1.162 0 1.596l8.177 8.177h-26.984c-0.629 0.001-1.129 0.501-1.129 1.13s0.5 1.145 1.129 1.145h26.984l-8.177 8.162c-0.436 0.451-0.436 1.178 0 1.613 0.451 0.451 1.178 0.451 1.613 0l10.113-10.113c0.451-0.436 0.451-1.162 0-1.596l-10.113-10.114z\"><\/path><\/svg><\/a><\/div>\n","protected":false},"author":1,"featured_media":0,"parent":0,"menu_order":2,"comment_status":"closed","ping_status":"closed","template":"custompagett.php","meta":{"_monsterinsights_skip_tracking":false,"_monsterinsights_sitenote_active":false,"_monsterinsights_sitenote_note":"","_monsterinsights_sitenote_category":0},"_links":{"self":[{"href":"https:\/\/cabinetneuillydentaire.com\/en\/wp-json\/wp\/v2\/pages\/4809"}],"collection":[{"href":"https:\/\/cabinetneuillydentaire.com\/en\/wp-json\/wp\/v2\/pages"}],"about":[{"href":"https:\/\/cabinetneuillydentaire.com\/en\/wp-json\/wp\/v2\/types\/page"}],"author":[{"embeddable":true,"href":"https:\/\/cabinetneuillydentaire.com\/en\/wp-json\/wp\/v2\/users\/1"}],"replies":[{"embeddable":true,"href":"https:\/\/cabinetneuillydentaire.com\/en\/wp-json\/wp\/v2\/comments?post=4809"}],"version-history":[{"count":3,"href":"https:\/\/cabinetneuillydentaire.com\/en\/wp-json\/wp\/v2\/pages\/4809\/revisions"}],"predecessor-version":[{"id":5323,"href":"https:\/\/cabinetneuillydentaire.com\/en\/wp-json\/wp\/v2\/pages\/4809\/revisions\/5323"}],"wp:attachment":[{"href":"https:\/\/cabinetneuillydentaire.com\/en\/wp-json\/wp\/v2\/media?parent=4809"}],"curies":[{"name":"wp","href":"https:\/\/api.w.org\/{rel}","templated":true}]}}